{"id":8,"date":"2026-03-06T07:33:35","date_gmt":"2026-03-06T07:33:35","guid":{"rendered":"https:\/\/vivasinobesidad.net\/?page_id=8"},"modified":"2026-03-10T00:20:41","modified_gmt":"2026-03-10T00:20:41","slug":"inicio","status":"publish","type":"page","link":"https:\/\/vivasinobesidad.net\/","title":{"rendered":"Inicio"},"content":{"rendered":"\n<div class=\"wp-block-cover alignfull wp-duotone-midnight\" style=\"min-height:800px;aspect-ratio:unset;\"><img decoding=\"async\" class=\"wp-block-cover__image-background\" alt=\"\" src=\"https:\/\/vivasinobesidad.net\/wp-content\/themes\/neve\/assets\/img\/starter-content\/neve-hero-2.png\" style=\"object-position:50% 72%\" data-object-fit=\"cover\" data-object-position=\"50% 72%\"\/><span aria-hidden=\"true\" class=\"wp-block-cover__background has-background-dim-0 has-background-dim\"><\/span><div class=\"wp-block-cover__inner-container is-layout-flow wp-block-cover-is-layout-flow\">\n<div class=\"wp-block-columns are-vertically-aligned-center is-layout-flex wp-container-core-columns-is-layout-9d6595d7 wp-block-columns-is-layout-flex\">\n<div class=\"wp-block-column is-vertically-aligned-center is-layout-flow wp-block-column-is-layout-flow\" style=\"padding-right:var(--wp--preset--spacing--20);padding-left:var(--wp--preset--spacing--20);flex-basis:65%\">\n<div style=\"height:80px\" aria-hidden=\"true\" class=\"wp-block-spacer\"><\/div>\n\n\n\n<h1 class=\"wp-block-heading has-text-align-left has-nv-text-dark-bg-color has-text-color\">Vive sin obesidad y recupera tu salud<\/h1>\n\n\n\n<p class=\"has-text-align-left has-nv-text-dark-bg-color has-text-color\" style=\"font-size:17px\"><strong>Tratamientos avanzados de cirug\u00eda bari\u00e1trica y metab\u00f3lica para el manejo de la obesidad y enfermedades asociadas.<\/strong><\/p>\n\n\n\n<div class=\"wp-block-buttons is-horizontal is-content-justification-left is-layout-flex wp-container-core-buttons-is-layout-7e5fce0a wp-block-buttons-is-layout-flex\">\n<div class=\"wp-block-button is-style-primary\"><a class=\"wp-block-button__link has-text-color has-background has-link-color wp-element-button\" href=\"https:\/\/vivasinobesidad.net\/index.php\/cirugias\/\" style=\"color:#0a2279;background-color:#ffffff\">Cirug\u00edas<\/a><\/div>\n\n\n\n<div class=\"wp-block-button is-style-secondary\"><a class=\"wp-block-button__link has-nv-text-dark-bg-color has-text-color has-link-color wp-element-button\" href=\"https:\/\/api.whatsapp.com\/send?phone=593999063560&amp;text=Dr.%20Ren%C3%A9%20Mendoza%20Merch%C3%A1n.%20Visit%C3%A9%20su%20Web%20Site.%20Viva%20Sin%20Obesidad..\">Agendar Consulta<\/a><\/div>\n<\/div>\n\n\n\n<div style=\"height:100px\" aria-hidden=\"true\" class=\"wp-block-spacer\"><\/div>\n<\/div>\n\n\n\n<div class=\"wp-block-column is-vertically-aligned-center is-layout-flow wp-block-column-is-layout-flow\"><div class=\"wp-block-image is-style-rounded\">\n<figure class=\"aligncenter size-full\"><img loading=\"lazy\" decoding=\"async\" width=\"638\" height=\"728\" src=\"https:\/\/vivasinobesidad.net\/wp-content\/uploads\/2026\/03\/Cirujano_Rene_Mendoza_Merchan.png\" alt=\"\" class=\"wp-image-44\" srcset=\"https:\/\/vivasinobesidad.net\/wp-content\/uploads\/2026\/03\/Cirujano_Rene_Mendoza_Merchan.png 638w, https:\/\/vivasinobesidad.net\/wp-content\/uploads\/2026\/03\/Cirujano_Rene_Mendoza_Merchan-263x300.png 263w\" sizes=\"auto, (max-width: 638px) 100vw, 638px\" \/><\/figure>\n<\/div>\n\n\n<p class=\"has-text-align-center has-medium-font-size\"><mark style=\"background-color:rgba(0, 0, 0, 0)\" class=\"has-inline-color has-neve-link-color-color\"><strong>Dr. Ren\u00e9 Mendoza Merch\u00e1n<\/strong><\/mark><\/p>\n\n\n\n<hr class=\"wp-block-separator has-alpha-channel-opacity\"\/>\n\n\n\n<p class=\"has-text-align-center has-medium-font-size\"><mark style=\"background-color:rgba(0, 0, 0, 0)\" class=\"has-inline-color has-neve-link-hover-color-color\"><em>Especialista en Cirug\u00eda Digestiva Avanzada y Cirug\u00eda Bari\u00e1trica.<\/em><\/mark><\/p>\n<\/div>\n<\/div>\n<\/div><\/div>\n\n\n\n<div style=\"height:40px\" aria-hidden=\"true\" class=\"wp-block-spacer\"><\/div>\n\n\n\n<div class=\"wp-block-columns is-layout-flex wp-container-core-columns-is-layout-9d6595d7 wp-block-columns-is-layout-flex\">\n<div class=\"wp-block-column is-layout-flow wp-block-column-is-layout-flow\" style=\"padding-right:var(--wp--preset--spacing--30);padding-left:var(--wp--preset--spacing--30)\"><div class=\"wp-block-image icon-style is-style-default wp-duotone-unset-1\">\n<figure class=\"aligncenter size-full has-custom-border\"><a href=\"https:\/\/vivasinobesidad.net\/index.php\/evaluacion-inicial\/\"><img decoding=\"async\" src=\"https:\/\/vivasinobesidad.net\/wp-content\/themes\/neve\/assets\/img\/starter-content\/neve-marketing-icon-3.1.png\" alt=\"\" style=\"border-radius:0px\" title=\"\"\/><\/a><\/figure>\n<\/div>\n\n\n<div style=\"height:16px\" aria-hidden=\"true\" class=\"wp-block-spacer\"><\/div>\n\n\n\n<h3 class=\"wp-block-heading has-text-align-center has-neve-text-color-color has-text-color\">Evaluaci\u00f3n Inicial<\/h3>\n\n\n\n<p class=\"has-text-align-center\">Valoraci\u00f3n m\u00e9dica integral para determinar si el paciente es candidato a cirug\u00eda bari\u00e1trica o metab\u00f3lica. Incluye: Evaluaci\u00f3n Cl\u00ednica, An\u00e1lisis metab\u00f3lico, IMC y plan personalizado.<\/p>\n\n\n\n<div style=\"height:20px\" aria-hidden=\"true\" class=\"wp-block-spacer\"><\/div>\n<\/div>\n\n\n\n<div class=\"wp-block-column neve-duotone is-layout-flow wp-block-column-is-layout-flow\" style=\"padding-right:var(--wp--preset--spacing--30);padding-left:var(--wp--preset--spacing--30)\"><div class=\"wp-block-image icon-style is-style-default wp-duotone-unset-2\">\n<figure class=\"aligncenter size-full has-custom-border\"><a href=\"https:\/\/vivasinobesidad.net\/index.php\/cirugias\/#c_bariatrica\"><img decoding=\"async\" src=\"https:\/\/vivasinobesidad.net\/wp-content\/themes\/neve\/assets\/img\/starter-content\/neve-marketing-icon-1.png\" alt=\"\" style=\"border-radius:0px\" title=\"\"\/><\/a><\/figure>\n<\/div>\n\n\n<div style=\"height:16px\" aria-hidden=\"true\" class=\"wp-block-spacer\"><\/div>\n\n\n\n<h3 class=\"wp-block-heading has-text-align-center has-neve-text-color-color has-text-color\">Cirug\u00eda Bari\u00e1trica<\/h3>\n\n\n\n<p class=\"has-text-align-center\">Procedimientos quir\u00fargicos dise\u00f1ados para tratar la obesidad mediante la reducci\u00f3n del tama\u00f1o del est\u00f3mago o la modificaci\u00f3n del sistema digestivo.<\/p>\n\n\n\n<div style=\"height:20px\" aria-hidden=\"true\" class=\"wp-block-spacer\"><\/div>\n<\/div>\n\n\n\n<div class=\"wp-block-column is-layout-flow wp-block-column-is-layout-flow\" style=\"padding-right:var(--wp--preset--spacing--30);padding-left:var(--wp--preset--spacing--30)\"><div class=\"wp-block-image icon-style is-style-default wp-duotone-unset-3\">\n<figure class=\"aligncenter size-full has-custom-border\"><a href=\"https:\/\/vivasinobesidad.net\/index.php\/cirugias\/#C_metabolica\"><img decoding=\"async\" src=\"https:\/\/vivasinobesidad.net\/wp-content\/themes\/neve\/assets\/img\/starter-content\/neve-marketing-icon-2.png\" alt=\"\" style=\"border-radius:0px\" title=\"\"\/><\/a><\/figure>\n<\/div>\n\n\n<div style=\"height:16px\" aria-hidden=\"true\" class=\"wp-block-spacer\"><\/div>\n\n\n\n<h3 class=\"wp-block-heading has-text-align-center has-neve-text-color-color has-text-color\">Cirug\u00eda Metab\u00f3lica<\/h3>\n\n\n\n<p class=\"has-text-align-center\">Tratamientos quir\u00fargicos enfocados en el control de enfermedades metab\u00f3licas como la diabetes tipo 2 mediante cambios en el sistema digestivo.<\/p>\n\n\n\n<div style=\"height:20px\" aria-hidden=\"true\" class=\"wp-block-spacer\"><\/div>\n<\/div>\n\n\n\n<div class=\"wp-block-column is-layout-flow wp-block-column-is-layout-flow\" style=\"padding-right:var(--wp--preset--spacing--30);padding-left:var(--wp--preset--spacing--30)\"><div class=\"wp-block-image icon-style is-style-default wp-duotone-unset-4\">\n<figure class=\"aligncenter size-full is-resized has-custom-border\"><a href=\"https:\/\/vivasinobesidad.net\/index.php\/evaluacion-inicial\/#vsocalc\"><img loading=\"lazy\" decoding=\"async\" width=\"1024\" height=\"1536\" src=\"https:\/\/vivasinobesidad.net\/wp-content\/uploads\/2026\/03\/ico_cal.png\" alt=\"\" class=\"wp-image-146\" style=\"border-radius:0px;aspect-ratio:0.666679802955665;width:49px;height:auto\" title=\"\" srcset=\"https:\/\/vivasinobesidad.net\/wp-content\/uploads\/2026\/03\/ico_cal.png 1024w, https:\/\/vivasinobesidad.net\/wp-content\/uploads\/2026\/03\/ico_cal-200x300.png 200w, https:\/\/vivasinobesidad.net\/wp-content\/uploads\/2026\/03\/ico_cal-683x1024.png 683w, https:\/\/vivasinobesidad.net\/wp-content\/uploads\/2026\/03\/ico_cal-768x1152.png 768w\" sizes=\"auto, (max-width: 1024px) 100vw, 1024px\" \/><\/a><\/figure>\n<\/div>\n\n\n<div style=\"height:16px\" aria-hidden=\"true\" class=\"wp-block-spacer\"><\/div>\n\n\n\n<h3 class=\"wp-block-heading has-text-align-center has-neve-text-color-color has-text-color\">Calculadora IMC<\/h3>\n\n\n\n<p class=\"has-text-align-center\">Si deseas conocer tu estado nutricional puedes utilizar nuestra\u00a0<strong>calculadora de \u00edndice de masa corporal (IMC)<\/strong>\u00a0y solicitar una\u00a0<strong>evaluaci\u00f3n m\u00e9dica especializada para el tratamiento de la obesidad<\/strong>.<\/p>\n\n\n\n<div style=\"height:20px\" aria-hidden=\"true\" class=\"wp-block-spacer\"><\/div>\n<\/div>\n<\/div>\n\n\n\n<div class=\"wp-block-cover alignfull\" style=\"min-height:600px;aspect-ratio:unset;\"><span aria-hidden=\"true\" class=\"wp-block-cover__background has-nv-light-bg-background-color has-background-dim-80 has-background-dim\"><\/span><div class=\"wp-block-cover__inner-container is-layout-flow wp-block-cover-is-layout-flow\">\n<div class=\"wp-block-group\"><div class=\"wp-block-group__inner-container is-layout-flow wp-block-group-is-layout-flow\">\n<div style=\"height:80px\" aria-hidden=\"true\" class=\"wp-block-spacer\"><\/div>\n\n\n\n<div class=\"wp-block-columns is-layout-flex wp-container-core-columns-is-layout-9d6595d7 wp-block-columns-is-layout-flex\">\n<div class=\"wp-block-column is-layout-flow wp-block-column-is-layout-flow\" style=\"padding-right:0;padding-left:0;flex-basis:20%\">\n<div class=\"wp-block-group is-vertical is-content-justification-center is-layout-flex wp-container-core-group-is-layout-4b2eccd6 wp-block-group-is-layout-flex\"><\/div>\n<\/div>\n\n\n\n<div class=\"wp-block-column is-layout-flow wp-block-column-is-layout-flow\" style=\"flex-basis:60%\">\n<div class=\"wp-block-group is-vertical is-content-justification-center is-layout-flex wp-container-core-group-is-layout-4b2eccd6 wp-block-group-is-layout-flex\">\n<h2 class=\"wp-block-heading has-text-align-center has-neve-text-color-color has-text-color has-link-color wp-elements-d37e75ee70f4a8f70b01993ae880e9fb\" id=\"consultorios\">Consultorios<\/h2>\n\n\n\n<p class=\"has-text-align-center has-neve-text-color-color has-text-color has-link-color wp-elements-b1ea26d059e264a115538e7846187b69\">Puedes agendar tu cita o visitarnos en:<\/p>\n\n\n\n<div style=\"height:0px\" aria-hidden=\"true\" class=\"wp-block-spacer wp-container-content-541a6b20\"><\/div>\n<\/div>\n<\/div>\n\n\n\n<div class=\"wp-block-column is-layout-flow wp-block-column-is-layout-flow\" style=\"flex-basis:20%\">\n<div class=\"wp-block-group is-vertical is-content-justification-center is-layout-flex wp-container-core-group-is-layout-4b2eccd6 wp-block-group-is-layout-flex\"><\/div>\n<\/div>\n<\/div>\n\n\n\n<div class=\"wp-block-columns are-vertically-aligned-center is-layout-flex wp-container-core-columns-is-layout-9d6595d7 wp-block-columns-is-layout-flex\">\n<div class=\"wp-block-column is-vertically-aligned-center is-layout-flow wp-block-column-is-layout-flow\" style=\"padding-right:var(--wp--preset--spacing--30);padding-left:var(--wp--preset--spacing--30);flex-basis:50%\">\n<figure class=\"wp-block-image size-full is-resized has-custom-border\"><img loading=\"lazy\" decoding=\"async\" width=\"360\" height=\"266\" src=\"https:\/\/vivasinobesidad.net\/wp-content\/uploads\/2026\/03\/torremedica4.jpg\" alt=\"\" class=\"wp-image-60\" style=\"border-radius:16px;aspect-ratio:1.3534629618751102;width:581px;height:auto\" srcset=\"https:\/\/vivasinobesidad.net\/wp-content\/uploads\/2026\/03\/torremedica4.jpg 360w, https:\/\/vivasinobesidad.net\/wp-content\/uploads\/2026\/03\/torremedica4-300x222.jpg 300w\" sizes=\"auto, (max-width: 360px) 100vw, 360px\" \/><\/figure>\n\n\n\n<div style=\"height:24px\" aria-hidden=\"true\" class=\"wp-block-spacer\"><\/div>\n\n\n\n<h3 class=\"wp-block-heading has-text-align-center has-neve-text-color-color has-text-color\"><a href=\"https:\/\/vivasinobesidad.net\/index.php\/contact\/\" data-type=\"page\" data-id=\"10\">Cl\u00ednica Alc\u00edvar Torre m\u00e9dica 3 Piso 6 Oficina 5 A<\/a><\/h3>\n\n\n\n<div style=\"height:40px\" aria-hidden=\"true\" class=\"wp-block-spacer\"><\/div>\n<\/div>\n\n\n\n<div class=\"wp-block-column is-vertically-aligned-center is-layout-flow wp-block-column-is-layout-flow\" style=\"padding-right:var(--wp--preset--spacing--30);padding-left:var(--wp--preset--spacing--30);flex-basis:50%\">\n<figure class=\"wp-block-image size-full has-custom-border\"><img loading=\"lazy\" decoding=\"async\" width=\"854\" height=\"1280\" src=\"https:\/\/vivasinobesidad.net\/wp-content\/uploads\/2026\/03\/torre-sur-ck-alborada.webp\" alt=\"\" class=\"wp-image-61\" style=\"border-radius:16px;aspect-ratio:4\/3;object-fit:cover\" srcset=\"https:\/\/vivasinobesidad.net\/wp-content\/uploads\/2026\/03\/torre-sur-ck-alborada.webp 854w, https:\/\/vivasinobesidad.net\/wp-content\/uploads\/2026\/03\/torre-sur-ck-alborada-200x300.webp 200w, https:\/\/vivasinobesidad.net\/wp-content\/uploads\/2026\/03\/torre-sur-ck-alborada-683x1024.webp 683w, https:\/\/vivasinobesidad.net\/wp-content\/uploads\/2026\/03\/torre-sur-ck-alborada-768x1151.webp 768w\" sizes=\"auto, (max-width: 854px) 100vw, 854px\" \/><\/figure>\n\n\n\n<div style=\"height:24px\" aria-hidden=\"true\" class=\"wp-block-spacer\"><\/div>\n\n\n\n<h3 class=\"wp-block-heading has-text-align-center has-neve-text-color-color has-text-color has-medium-font-size\"><a href=\"https:\/\/vivasinobesidad.net\/index.php\/contact\/\" data-type=\"page\" data-id=\"10\">Cl\u00ednica Kennedy Alborada Torre Sur Piso 9 Oficina 908<\/a><\/h3>\n\n\n\n<div style=\"height:40px\" aria-hidden=\"true\" class=\"wp-block-spacer\"><\/div>\n<\/div>\n<\/div>\n<\/div><\/div>\n<\/div><\/div>\n\n\n\n<div class=\"wp-block-cover alignfull\" style=\"min-height:600px;aspect-ratio:unset;\"><span aria-hidden=\"true\" class=\"wp-block-cover__background has-nv-site-bg-background-color has-background-dim-100 has-background-dim\"><\/span><div class=\"wp-block-cover__inner-container is-layout-flow wp-block-cover-is-layout-flow\">\n<div class=\"wp-block-group\"><div class=\"wp-block-group__inner-container is-layout-flow wp-block-group-is-layout-flow\">\n<div style=\"height:80px\" aria-hidden=\"true\" class=\"wp-block-spacer\"><\/div>\n\n\n\n<div class=\"wp-block-columns are-vertically-aligned-center is-layout-flex wp-container-core-columns-is-layout-9d6595d7 wp-block-columns-is-layout-flex\">\n<div class=\"wp-block-column is-vertically-aligned-center is-layout-flow wp-block-column-is-layout-flow\" style=\"padding-right:var(--wp--preset--spacing--30);padding-left:var(--wp--preset--spacing--30);flex-basis:50%\">\n<figure class=\"wp-block-image size-full has-custom-border is-style-default\"><img loading=\"lazy\" decoding=\"async\" width=\"1024\" height=\"1024\" src=\"https:\/\/vivasinobesidad.net\/wp-content\/uploads\/2026\/03\/CirugiaMetabolica.png\" alt=\"\" class=\"wp-image-71\" style=\"border-radius:16px\" srcset=\"https:\/\/vivasinobesidad.net\/wp-content\/uploads\/2026\/03\/CirugiaMetabolica.png 1024w, https:\/\/vivasinobesidad.net\/wp-content\/uploads\/2026\/03\/CirugiaMetabolica-300x300.png 300w, https:\/\/vivasinobesidad.net\/wp-content\/uploads\/2026\/03\/CirugiaMetabolica-150x150.png 150w, https:\/\/vivasinobesidad.net\/wp-content\/uploads\/2026\/03\/CirugiaMetabolica-768x768.png 768w\" sizes=\"auto, (max-width: 1024px) 100vw, 1024px\" \/><\/figure>\n<\/div>\n\n\n\n<div class=\"wp-block-column is-vertically-aligned-center is-layout-flow wp-block-column-is-layout-flow\" style=\"padding-right:var(--wp--preset--spacing--30);padding-left:var(--wp--preset--spacing--30);flex-basis:50%\">\n<div style=\"height:20px\" aria-hidden=\"true\" class=\"wp-block-spacer\"><\/div>\n\n\n\n<h2 class=\"wp-block-heading has-text-align-left has-neve-text-color-color has-text-color\">Cirug\u00eda Metab\u00f3lica<\/h2>\n\n\n\n<h3 class=\"wp-block-heading has-text-align-left has-neve-text-color-color has-text-color\" style=\"font-size:17px\">Procedimientos:<\/h3>\n\n\n\n<p class=\"has-text-align-left has-neve-text-color-color has-text-color\" style=\"font-size:17px\">Bypass g\u00e1strico metab\u00f3lico<\/p>\n\n\n\n<p class=\"has-neve-text-color-color has-text-color\" style=\"font-size:17px\">Derivaci\u00f3n duodeno-yeyunal<\/p>\n\n\n\n<p class=\"has-text-align-left has-neve-text-color-color has-text-color\" style=\"font-size:17px\">Switch duodenal modificado<\/p>\n\n\n\n<div class=\"wp-block-buttons has-custom-font-size has-small-font-size is-content-justification-left is-layout-flex wp-container-core-buttons-is-layout-fdcfc74e wp-block-buttons-is-layout-flex\">\n<div class=\"wp-block-button is-style-default\"><a class=\"wp-block-button__link has-nv-text-dark-bg-color has-neve-link-color-background-color has-text-color has-background has-link-color has-custom-font-size wp-element-button\" href=\"https:\/\/vivasinobesidad.net\/index.php\/cirugias\/#C_metabolica\" style=\"font-size:16px\">leer m\u00e1s<\/a><\/div>\n<\/div>\n<\/div>\n<\/div>\n\n\n\n<div class=\"wp-block-columns are-vertically-aligned-center is-layout-flex wp-container-core-columns-is-layout-9d6595d7 wp-block-columns-is-layout-flex\">\n<div class=\"wp-block-column is-vertically-aligned-center is-layout-flow wp-block-column-is-layout-flow\" style=\"padding-right:var(--wp--preset--spacing--30);padding-left:var(--wp--preset--spacing--30);flex-basis:50%\">\n<div style=\"height:20px\" aria-hidden=\"true\" class=\"wp-block-spacer\"><\/div>\n\n\n\n<h2 class=\"wp-block-heading has-text-align-left has-neve-text-color-color has-text-color\">Cirug\u00eda Bari\u00e1trica<\/h2>\n\n\n\n<h3 class=\"wp-block-heading has-text-align-left has-neve-text-color-color has-text-color\" style=\"font-size:17px\">Procedimientos:<\/h3>\n\n\n\n<p class=\"has-text-align-left has-neve-text-color-color has-text-color\" style=\"font-size:17px\">Banda g\u00e1strica ajustable<\/p>\n\n\n\n<p class=\"has-neve-text-color-color has-text-color\" style=\"font-size:17px\">Bypass g\u00e1strico (Roux-en-Y)<\/p>\n\n\n\n<p class=\"has-neve-text-color-color has-text-color\" style=\"font-size:17px\">Manga g\u00e1strica<\/p>\n\n\n\n<div class=\"wp-block-buttons has-custom-font-size has-small-font-size is-content-justification-left is-layout-flex wp-container-core-buttons-is-layout-fdcfc74e wp-block-buttons-is-layout-flex\">\n<div class=\"wp-block-button is-style-default\"><a class=\"wp-block-button__link has-nv-text-dark-bg-color has-neve-link-color-background-color has-text-color has-background has-link-color has-custom-font-size wp-element-button\" href=\"https:\/\/vivasinobesidad.net\/index.php\/cirugias\/#c_bariatrica\" style=\"font-size:16px\">Leer m\u00e1s<\/a><\/div>\n<\/div>\n<\/div>\n\n\n\n<div class=\"wp-block-column is-vertically-aligned-center is-layout-flow wp-block-column-is-layout-flow\" style=\"padding-right:var(--wp--preset--spacing--30);padding-left:var(--wp--preset--spacing--30);flex-basis:50%\">\n<figure class=\"wp-block-image size-full has-custom-border is-style-default\"><img loading=\"lazy\" decoding=\"async\" width=\"1024\" height=\"1024\" src=\"https:\/\/vivasinobesidad.net\/wp-content\/uploads\/2026\/03\/CirugiaBariatrica.png\" alt=\"\" class=\"wp-image-70\" style=\"border-radius:16px\" srcset=\"https:\/\/vivasinobesidad.net\/wp-content\/uploads\/2026\/03\/CirugiaBariatrica.png 1024w, https:\/\/vivasinobesidad.net\/wp-content\/uploads\/2026\/03\/CirugiaBariatrica-300x300.png 300w, https:\/\/vivasinobesidad.net\/wp-content\/uploads\/2026\/03\/CirugiaBariatrica-150x150.png 150w, https:\/\/vivasinobesidad.net\/wp-content\/uploads\/2026\/03\/CirugiaBariatrica-768x768.png 768w\" sizes=\"auto, (max-width: 1024px) 100vw, 1024px\" \/><\/figure>\n<\/div>\n<\/div>\n\n\n\n<div style=\"height:40px\" aria-hidden=\"true\" class=\"wp-block-spacer\"><\/div>\n<\/div><\/div>\n<\/div><\/div>\n\n\n\n<div class=\"wp-block-cover alignfull\" style=\"min-height:300px;aspect-ratio:unset;\"><span aria-hidden=\"true\" class=\"wp-block-cover__background has-neve-link-color-background-color has-background-dim-100 has-background-dim\"><\/span><div class=\"wp-block-cover__inner-container is-layout-flow wp-block-cover-is-layout-flow\">\n<div style=\"height:140px\" aria-hidden=\"true\" class=\"wp-block-spacer\"><\/div>\n\n\n\n<div class=\"wp-block-columns is-layout-flex wp-container-core-columns-is-layout-9d6595d7 wp-block-columns-is-layout-flex\">\n<div class=\"wp-block-column is-layout-flow wp-block-column-is-layout-flow\" style=\"flex-basis:20%\"><\/div>\n\n\n\n<div class=\"wp-block-column is-layout-flow wp-block-column-is-layout-flow\" style=\"flex-basis:60%\">\n<div class=\"wp-block-group\"><div class=\"wp-block-group__inner-container is-layout-constrained wp-block-group-is-layout-constrained\">\n<h2 class=\"wp-block-heading has-text-align-center has-nv-text-dark-bg-color has-text-color\">Viva Sin Obesidad<\/h2>\n\n\n\n<blockquote class=\"wp-block-quote is-layout-flow wp-block-quote-is-layout-flow\">\n<p>Si est\u00e1s aqu\u00ed, es porque has dado un paso valiente en tu b\u00fasqueda de una vida m\u00e1s saludable y plena. Entendemos que este camino puede estar lleno de desaf\u00edos y emociones encontradas.&nbsp;&nbsp;Sabemos que buscas una soluci\u00f3n, no solo para tu peso, sino tambi\u00e9n para recuperar tu bienestar emocional y f\u00edsico.<\/p>\n<\/blockquote>\n\n\n\n<div class=\"wp-block-buttons is-horizontal is-content-justification-center is-layout-flex wp-container-core-buttons-is-layout-499968f5 wp-block-buttons-is-layout-flex\">\n<div class=\"wp-block-button is-style-primary\"><a class=\"wp-block-button__link has-neve-link-color-color has-text-color has-background has-link-color wp-element-button\" href=\"https:\/\/api.whatsapp.com\/send?phone=593999063560&amp;text=Dr.%20Ren%C3%A9%20Mendoza%20Merch%C3%A1n.%20Visit%C3%A9%20su%20Web%20Site.%20Quisiera%20agendar%20una%20consulta\" style=\"background-color:#ffffff\">Agenda una valoraci\u00f3n<\/a><\/div>\n<\/div>\n<\/div><\/div>\n<\/div>\n\n\n\n<div class=\"wp-block-column is-layout-flow wp-block-column-is-layout-flow\" style=\"flex-basis:20%\"><\/div>\n<\/div>\n\n\n\n<div style=\"height:140px\" aria-hidden=\"true\" class=\"wp-block-spacer\"><\/div>\n<\/div><\/div>\n\n\n\n<p><\/p>\n\n\n\n<div class=\"wp-block-cover alignfull\" style=\"min-height:600px;aspect-ratio:unset;\"><span aria-hidden=\"true\" class=\"wp-block-cover__background has-nv-light-bg-background-color has-background-dim-80 has-background-dim\"><\/span><div class=\"wp-block-cover__inner-container is-layout-flow wp-block-cover-is-layout-flow\">\n<div class=\"wp-block-group\"><div class=\"wp-block-group__inner-container is-layout-flow wp-block-group-is-layout-flow\">\n<div style=\"height:80px\" aria-hidden=\"true\" class=\"wp-block-spacer\"><\/div>\n\n\n\n<div class=\"wp-block-columns is-layout-flex wp-container-core-columns-is-layout-9d6595d7 wp-block-columns-is-layout-flex\">\n<div class=\"wp-block-column is-layout-flow wp-block-column-is-layout-flow\" style=\"padding-right:0;padding-left:0;flex-basis:20%\">\n<div class=\"wp-block-group is-vertical is-content-justification-center is-layout-flex wp-container-core-group-is-layout-4b2eccd6 wp-block-group-is-layout-flex\"><\/div>\n<\/div>\n\n\n\n<div class=\"wp-block-column is-layout-flow wp-block-column-is-layout-flow\" style=\"flex-basis:60%\">\n<div class=\"wp-block-group is-vertical is-content-justification-center is-layout-flex wp-container-core-group-is-layout-4b2eccd6 wp-block-group-is-layout-flex\">\n<h2 class=\"wp-block-heading has-text-align-center has-neve-text-color-color has-text-color has-link-color wp-elements-f60ed09d2e2d8d3f17aa1957188d60ec\" id=\"consultorios\">Preguntas Frecuentes<\/h2>\n\n\n\n<p class=\"has-text-align-center has-neve-text-color-color has-text-color has-link-color wp-elements-57a19c4eb0e2d3bf8bd768eb5a0e832d\">En esta secci\u00f3n puedes encontrar las preguntas frecuentes que nos realizan nuestros pacientes durante nuestra primera evaluaci\u00f3n.<\/p>\n\n\n\n<div style=\"height:0px\" aria-hidden=\"true\" class=\"wp-block-spacer wp-container-content-541a6b20\"><\/div>\n\n\n\n<div class=\"wp-block-buttons is-layout-flex wp-block-buttons-is-layout-flex\">\n<div class=\"wp-block-button\"><a class=\"wp-block-button__link wp-element-button\" href=\"https:\/\/vivasinobesidad.net\/index.php\/preguntas-frecuentes\/\">Ver FAQ<\/a><\/div>\n<\/div>\n<\/div>\n<\/div>\n\n\n\n<div class=\"wp-block-column is-layout-flow wp-block-column-is-layout-flow\" style=\"flex-basis:20%\">\n<div class=\"wp-block-group is-vertical is-content-justification-center is-layout-flex wp-container-core-group-is-layout-4b2eccd6 wp-block-group-is-layout-flex\"><\/div>\n<\/div>\n<\/div>\n<\/div><\/div>\n<\/div><\/div>\n\n\n\n<p><\/p>\n","protected":false},"excerpt":{"rendered":"<p>Evaluaci\u00f3n Inicial Valoraci\u00f3n m\u00e9dica integral para determinar si el paciente es candidato a cirug\u00eda bari\u00e1trica o metab\u00f3lica. Incluye: Evaluaci\u00f3n Cl\u00ednica, An\u00e1lisis metab\u00f3lico, IMC y plan personalizado. Cirug\u00eda Bari\u00e1trica Procedimientos quir\u00fargicos dise\u00f1ados para tratar la obesidad mediante la reducci\u00f3n del tama\u00f1o del est\u00f3mago o la modificaci\u00f3n del sistema digestivo. Cirug\u00eda Metab\u00f3lica Tratamientos quir\u00fargicos enfocados en el&hellip;&nbsp;<\/p>\n","protected":false},"author":1,"featured_media":0,"parent":0,"menu_order":0,"comment_status":"closed","ping_status":"closed","template":"","meta":{"neve_meta_sidebar":"","neve_meta_container":"","neve_meta_enable_content_width":"on","neve_meta_content_width":100,"neve_meta_title_alignment":"","neve_meta_author_avatar":"","neve_post_elements_order":"","neve_meta_disable_header":"","neve_meta_disable_footer":"","neve_meta_disable_title":"on","footnotes":""},"class_list":["post-8","page","type-page","status-publish","hentry"],"_links":{"self":[{"href":"https:\/\/vivasinobesidad.net\/index.php\/wp-json\/wp\/v2\/pages\/8","targetHints":{"allow":["GET"]}}],"collection":[{"href":"https:\/\/vivasinobesidad.net\/index.php\/wp-json\/wp\/v2\/pages"}],"about":[{"href":"https:\/\/vivasinobesidad.net\/index.php\/wp-json\/wp\/v2\/types\/page"}],"author":[{"embeddable":true,"href":"https:\/\/vivasinobesidad.net\/index.php\/wp-json\/wp\/v2\/users\/1"}],"replies":[{"embeddable":true,"href":"https:\/\/vivasinobesidad.net\/index.php\/wp-json\/wp\/v2\/comments?post=8"}],"version-history":[{"count":15,"href":"https:\/\/vivasinobesidad.net\/index.php\/wp-json\/wp\/v2\/pages\/8\/revisions"}],"predecessor-version":[{"id":160,"href":"https:\/\/vivasinobesidad.net\/index.php\/wp-json\/wp\/v2\/pages\/8\/revisions\/160"}],"wp:attachment":[{"href":"https:\/\/vivasinobesidad.net\/index.php\/wp-json\/wp\/v2\/media?parent=8"}],"curies":[{"name":"wp","href":"https:\/\/api.w.org\/{rel}","templated":true}]}}