{"id":12,"date":"2026-03-06T07:33:35","date_gmt":"2026-03-06T07:33:35","guid":{"rendered":"https:\/\/vivasinobesidad.net\/?page_id=12"},"modified":"2026-03-10T14:41:10","modified_gmt":"2026-03-10T14:41:10","slug":"evaluacion-inicial","status":"publish","type":"page","link":"https:\/\/vivasinobesidad.net\/index.php\/evaluacion-inicial\/","title":{"rendered":"Evaluacion Inicial"},"content":{"rendered":"\n<div class=\"wp-block-cover alignfull\" style=\"min-height:320px;aspect-ratio:unset;\"><span aria-hidden=\"true\" class=\"wp-block-cover__background has-nv-site-bg-background-color has-background-dim-100 has-background-dim\"><\/span><div class=\"wp-block-cover__inner-container is-layout-flow wp-block-cover-is-layout-flow\">\n<div class=\"wp-block-group\"><div class=\"wp-block-group__inner-container is-layout-constrained wp-block-group-is-layout-constrained\">\n<h1 data-wp-context---core-fit-text=\"core\/fit-text::{&quot;fontSize&quot;:&quot;&quot;}\" data-wp-init---core-fit-text=\"core\/fit-text::callbacks.init\" data-wp-interactive data-wp-style--font-size=\"core\/fit-text::context.fontSize\" class=\"wp-block-heading has-text-align-left has-fit-text has-neve-text-color-color has-text-color\">Evaluaci\u00f3n y Diagn\u00f3stico<\/h1>\n\n\n\n<p class=\"has-neve-text-color-color has-text-color\" style=\"font-size:30px\">En Viva Sin Obesidad realizamos una valoraci\u00f3n m\u00e9dica integral para determinar si usted es candidato a cirug\u00eda bari\u00e1trica o metab\u00f3lica.<\/p>\n\n\n\n<ul class=\"wp-block-list has-medium-font-size\">\n<li class=\"has-neve-link-hover-color-color has-text-color has-link-color wp-elements-4c56e8cec8060fc55f9644c863c8ea31\"><a href=\"#vsocalc\">C\u00e1lculo de IMC<\/a><\/li>\n\n\n\n<li class=\"has-neve-link-hover-color-color has-text-color has-link-color wp-elements-59e8c3107e3d7b803cf2138caa3bdd27\">Evaluaci\u00f3n cl\u00ednica<\/li>\n\n\n\n<li class=\"has-neve-link-hover-color-color has-text-color has-link-color wp-elements-aa5bb4b2dc1f58e1ec395d83231b8340\">An\u00e1lisis metab\u00f3lico<\/li>\n\n\n\n<li class=\"has-neve-link-hover-color-color has-text-color has-link-color wp-elements-10b80eb82d73aac10aae42ccbd435c95\">Plan de tratamiento personalizado<\/li>\n<\/ul>\n\n\n\n<div class=\"wp-block-buttons is-layout-flex wp-block-buttons-is-layout-flex\">\n<div class=\"wp-block-button\"><a class=\"wp-block-button__link wp-element-button\" href=\"https:\/\/api.whatsapp.com\/send?phone=593999063560&amp;text=Dr.%20Ren%C3%A9%20Mendoza%20Merch%C3%A1n.%20Visit%C3%A9%20su%20Web%20Site.%20Quisiera%20cotizar%20una%20valoracion%20inicial\">Solicitar Evaluaci\u00f3n<\/a><\/div>\n<\/div>\n<\/div><\/div>\n\n\n\n<div class=\"wp-block-group\" style=\"padding-right:var(--wp--preset--spacing--30);padding-left:var(--wp--preset--spacing--30)\"><div class=\"wp-block-group__inner-container is-layout-flow wp-block-group-is-layout-flow\">\n<div style=\"height:24px\" aria-hidden=\"true\" class=\"wp-block-spacer\"><\/div>\n\n\n\n<h1 class=\"wp-block-heading has-text-align-left has-neve-text-color-color has-text-color\">La obesidad<\/h1>\n\n\n\n<p class=\"has-neve-text-color-color has-text-color\" style=\"font-size:30px\">La obesidad es un t\u00e9rmino que se utiliza para describir el peso corporal que es mucho mayor de lo que se considera saludable. Existen muchas formas de determinar si una persona es obesa, pero los expertos creen que el&nbsp;<strong>\u00edndice de masa corporal (IMC)<\/strong>&nbsp;de una persona es la medida m\u00e1s precisa de la grasa corporal para ni\u00f1os y para adultos.<\/p>\n\n\n\n<div style=\"height:24px\" aria-hidden=\"true\" class=\"wp-block-spacer\"><\/div>\n<\/div><\/div>\n<\/div><\/div>\n\n\n\n<div class=\"wp-block-cover alignfull\" style=\"min-height:600px;aspect-ratio:unset;\"><span aria-hidden=\"true\" class=\"wp-block-cover__background has-nv-light-bg-background-color has-background-dim-100 has-background-dim\"><\/span><div class=\"wp-block-cover__inner-container is-layout-flow wp-block-cover-is-layout-flow\">\n<div class=\"wp-block-group\"><div class=\"wp-block-group__inner-container is-layout-flow wp-block-group-is-layout-flow\">\n<div style=\"height:80px\" aria-hidden=\"true\" class=\"wp-block-spacer\"><\/div>\n\n\n\n<h2 data-wp-context---core-fit-text=\"core\/fit-text::{&quot;fontSize&quot;:&quot;&quot;}\" data-wp-init---core-fit-text=\"core\/fit-text::callbacks.init\" data-wp-interactive data-wp-style--font-size=\"core\/fit-text::context.fontSize\" class=\"wp-block-heading has-fit-text has-neve-link-hover-color-color has-text-color has-link-color wp-elements-18f3054b5b701a7a2a6a10993a042e70\">IMC &#8211; \u00cdNDICE DE MASA CORPORAL<\/h2>\n\n\n<div class=\"wp-block-image\">\n<figure class=\"aligncenter size-full is-resized\"><img loading=\"lazy\" decoding=\"async\" width=\"565\" height=\"560\" src=\"https:\/\/vivasinobesidad.net\/wp-content\/uploads\/2026\/03\/IMC.png\" alt=\"\" class=\"wp-image-111\" style=\"aspect-ratio:1.0089728808461578;width:665px;height:auto\" srcset=\"https:\/\/vivasinobesidad.net\/wp-content\/uploads\/2026\/03\/IMC.png 565w, https:\/\/vivasinobesidad.net\/wp-content\/uploads\/2026\/03\/IMC-300x297.png 300w, https:\/\/vivasinobesidad.net\/wp-content\/uploads\/2026\/03\/IMC-150x150.png 150w\" sizes=\"auto, (max-width: 565px) 100vw, 565px\" \/><\/figure>\n<\/div>\n\n\n<div style=\"height:38px\" aria-hidden=\"true\" class=\"wp-block-spacer\"><\/div>\n\n\n\n<h2 class=\"wp-block-heading has-nv-c-2-color has-text-color\" id=\"vsocalc\">Comprender el sobrepeso y la obesidad<\/h2>\n\n\n\n<p class=\"has-neve-text-color-color has-text-color has-medium-font-size\">El \u00edndice de masa corporal (IMC) es una herramienta utilizada en medicina para evaluar la relaci\u00f3n entre peso y estatura. Este indicador permite estimar si una persona tiene un peso saludable o presenta sobrepeso u obesidad.<\/p>\n\n\n\n<p class=\"has-nv-dark-bg-color has-text-color has-link-color wp-elements-4be8ac1cc6ffe9228a2903bdf19c2b98\">En las \u00faltimas d\u00e9cadas, la obesidad se ha convertido en uno de los principales problemas de salud a nivel mundial. Cada vez m\u00e1s adultos, j\u00f3venes e incluso ni\u00f1os presentan sobrepeso, lo que aumenta el riesgo de desarrollar enfermedades como <strong>diabetes tipo 2, hipertensi\u00f3n, problemas cardiovasculares y trastornos metab\u00f3licos<\/strong>.<\/p>\n\n\n\n<p class=\"has-nv-dark-bg-color has-text-color has-link-color wp-elements-40ffe98153b880b3a43962a6fc92c63f\">En <strong>Viva Sin Obesidad<\/strong>, el objetivo es ofrecer orientaci\u00f3n y soluciones m\u00e9dicas para ayudar a cada paciente a <strong>recuperar su salud y mejorar su calidad de vida<\/strong>.<\/p>\n\n\n\n<div class=\"wp-block-columns is-layout-flex wp-container-core-columns-is-layout-9d6595d7 wp-block-columns-is-layout-flex\">\n<div class=\"wp-block-column is-layout-flow wp-block-column-is-layout-flow\">\n<div id=\"vso-imc-calculadora\">\n\n<style>\n\n#vso-imc-calculadora{\nmax-width:520px;\nmargin:auto;\npadding:25px;\nbackground:#ffffff;\nborder-radius:10px;\nbox-shadow:0 4px 10px rgba(0,0,0,0.1);\nfont-family:Arial, sans-serif;\nposition:relative;\noverflow:hidden;\n}\n\n\/* LOGO MARCA DE AGUA *\/\n\n#vso-imc-calculadora .vso-watermark{\nposition:absolute;\ntop:50%;\nleft:50%;\ntransform:translate(-50%,-50%);\nopacity:0.06;\nwidth:240px;\npointer-events:none;\nz-index:0;\n}\n\n\/* CONTENIDO *\/\n\n#vso-imc-calculadora .vso-content{\nposition:relative;\nz-index:2;\n}\n\n\/* TITULO *\/\n\n#vso-imc-calculadora h2{\ncolor:#04583C !important;\nfont-size:24px;\nmargin-bottom:10px;\n}\n\n\/* TEXTO *\/\n\n#vso-imc-calculadora label,\n#vso-imc-calculadora p{\ncolor:#000000 !important;\n}\n\n\/* INPUTS *\/\n\n#vso-imc-calculadora input{\nwidth:100%;\npadding:10px;\nborder-radius:6px;\nborder:1px solid #ccc;\nmargin-top:5px;\nmargin-bottom:15px;\nfont-size:15px;\n}\n\n\/* BOTON *\/\n\n#vso-imc-calculadora button{\nwidth:100%;\npadding:12px;\nbackground:#04583C;\nborder:none;\nborder-radius:6px;\nfont-size:16px;\ncursor:pointer;\ncolor:#ffffff !important;\nfont-weight:bold;\n}\n\n\/* RESULTADO *\/\n\n#vso-imc-calculadora .resultado{\nmargin-top:18px;\npadding:12px;\nbackground:#f4f4f4;\nborder-radius:6px;\n}\n\n\/* MENSAJE EMBARAZO *\/\n#vso-imc-calculadora .advertencia{\nmargin-top:15px;\nbackground:#fff3cd;\npadding:12px;\nborder-radius:6px;\nfont-size:13px;\ncolor:#000000 !important;\n}\n\n#vso-imc-calculadora .advertencia *{\ncolor:#000000 !important;\n}\n<\/style>\n\n<!-- CAMBIA ESTA RUTA SI TU LOGO ESTA EN OTRO LUGAR -->\n<img decoding=\"async\" src=\"\/wp-content\/uploads\/cropped-Viva_Sin_Obesidad.png\" class=\"vso-watermark\">\n\n<div class=\"vso-content\">\n\n<h2>Calculadora de \u00cdndice de Masa Corporal (IMC)<\/h2>\n\n<p>VIVA SIN OBESIDAD invita a calcular su IMC y conoce si podr\u00edas ser candidato a tratamiento para obesidad o cirug\u00eda bari\u00e1trica.<\/p>\n\n<label>Edad (a\u00f1os)<\/label>\n<input type=\"number\" id=\"edad\" min=\"2\" max=\"120\">\n\n<label>Peso (kg)<\/label>\n<input type=\"number\" id=\"peso\" min=\"10\" max=\"400\" step=\"0.1\">\n\n<label>Talla (cm)<\/label>\n<input type=\"number\" id=\"altura\" min=\"50\" max=\"250\">\n\n<button onclick=\"calcularIMC()\">Calcular Evaluaci\u00f3n<\/button>\n\n<div id=\"resultado\" class=\"resultado\"><\/div>\n\n<div class=\"advertencia\">\n\u26a0\ufe0f <b>Importante:<\/b> El IMC no es un indicador v\u00e1lido durante el embarazo, ya que el peso incluye el beb\u00e9, placenta y l\u00edquidos. Durante la gestaci\u00f3n se utilizan otros par\u00e1metros m\u00e9dicos para evaluar el estado nutricional.\n<\/div>\n\n<\/div>\n\n<script>\n\nfunction limpiar(v){\nreturn String(v).replace(\/[^0-9.]\/g,'');\n}\n\nfunction calcularIMC(){\n\nlet edad=limpiar(document.getElementById(\"edad\").value);\nlet peso=limpiar(document.getElementById(\"peso\").value);\nlet altura=limpiar(document.getElementById(\"altura\").value);\n\nedad=parseFloat(edad);\npeso=parseFloat(peso);\naltura=parseFloat(altura);\n\nif(!edad||!peso||!altura){\ndocument.getElementById(\"resultado\").innerHTML=\"Por favor complete todos los campos.\";\nreturn;\n}\n\nlet imc=peso\/((altura\/100)*(altura\/100));\nimc=imc.toFixed(1);\n\nlet clasificacion=\"\";\n\nif(imc<18.5){clasificacion=\"Bajo peso\";}\nelse if(imc<25){clasificacion=\"Peso saludable\";}\nelse if(imc<30){clasificacion=\"Sobrepeso\";}\nelse if(imc<35){clasificacion=\"Obesidad grado I\";}\nelse if(imc<40){clasificacion=\"Obesidad grado II\";}\nelse{clasificacion=\"Obesidad grado III\";}\n\ndocument.getElementById(\"resultado\").innerHTML=\n\"<b>IMC:<\/b> \"+imc+\"<br><br><b>Clasificaci\u00f3n:<\/b> \"+clasificacion+\n\"<br><br><small>Este resultado es solo una orientaci\u00f3n. La evaluaci\u00f3n m\u00e9dica es necesaria para determinar el tratamiento adecuado, lo cual ser\u00e1 indicado por el <b>Dr. Ren\u00e9 Mendoza Merch\u00e1n<\/b>.<\/small>\";\n\n}\n\n<\/script>\n\n<\/div>\n\n\n\n<p class=\"has-nv-c-2-color has-text-color has-link-color has-medium-font-size wp-elements-5db4b26c6e46f7e747f8942b6bb50bf6\"><strong><em>Este c\u00e1lculo es solo una referencia. Para saber si eres candidato a cirug\u00eda bari\u00e1trica o metab\u00f3lica se requiere una evaluaci\u00f3n m\u00e9dica<\/em> completa.<\/strong><\/p>\n<\/div>\n<\/div>\n\n\n\n<h3 class=\"wp-block-heading has-nv-c-2-color has-text-color has-link-color has-medium-font-size wp-elements-a5f547b9cc20ba98f3b76e0d9352000d\">\u00bfCu\u00e1ndo considerar tratamiento para la obesidad?<\/h3>\n\n\n\n<p class=\"has-nv-dark-bg-color has-text-color has-link-color has-medium-font-size wp-elements-121b684a20fd100145c3ab49884a29a0\">Los pacientes con IMC mayor a 30 pueden requerir tratamiento m\u00e9dico especializado. Cuando el IMC supera 35 o 40, puede considerarse la cirug\u00eda bari\u00e1trica o metab\u00f3lica dependiendo de cada caso cl\u00ednico.<\/p>\n\n\n\n<div class=\"wp-block-buttons is-layout-flex wp-block-buttons-is-layout-flex\">\n<div class=\"wp-block-button\"><a class=\"wp-block-button__link wp-element-button\" href=\"https:\/\/api.whatsapp.com\/send?phone=593999063560&amp;text=Dr.%20Ren%C3%A9%20Mendoza%20Merch%C3%A1n.%20Visit%C3%A9%20su%20Web%20Site.%20Quisiera%20cotizar%20una%20valoracion%20inicial\">Solicitar Valoraci\u00f3n<\/a><\/div>\n<\/div>\n\n\n\n<div style=\"height:40px\" aria-hidden=\"true\" class=\"wp-block-spacer\"><\/div>\n<\/div><\/div>\n<\/div><\/div>\n\n\n\n<div class=\"wp-block-group is-nowrap is-layout-flex wp-container-core-group-is-layout-ad2f72ca wp-block-group-is-layout-flex\">\n<div class=\"wp-block-cover alignfull\" style=\"min-height:600px;aspect-ratio:unset;\"><span aria-hidden=\"true\" class=\"wp-block-cover__background has-nv-site-bg-background-color has-background-dim-100 has-background-dim\"><\/span><div class=\"wp-block-cover__inner-container is-layout-flow wp-block-cover-is-layout-flow\">\n<div class=\"wp-block-group\"><div class=\"wp-block-group__inner-container is-layout-flow wp-block-group-is-layout-flow\">\n<div style=\"height:80px\" aria-hidden=\"true\" class=\"wp-block-spacer\"><\/div>\n\n\n\n<h2 class=\"wp-block-heading has-neve-text-color-color has-text-color\">Beneficios de tratar la Obesidad<\/h2>\n\n\n\n<div style=\"height:20px\" aria-hidden=\"true\" class=\"wp-block-spacer\"><\/div>\n\n\n\n<div class=\"wp-block-columns are-vertically-aligned-center is-layout-flex wp-container-core-columns-is-layout-9d6595d7 wp-block-columns-is-layout-flex\">\n<div class=\"wp-block-column is-vertically-aligned-center is-layout-flow wp-block-column-is-layout-flow\" style=\"padding-right:var(--wp--preset--spacing--30);padding-left:var(--wp--preset--spacing--30);flex-basis:50%\">\n<figure class=\"wp-block-image size-full has-custom-border\"><img loading=\"lazy\" decoding=\"async\" width=\"1024\" height=\"1024\" src=\"https:\/\/vivasinobesidad.net\/wp-content\/uploads\/2026\/03\/VSO_diabetes2.png\" alt=\"\" class=\"wp-image-182\" style=\"border-radius:24px\" srcset=\"https:\/\/vivasinobesidad.net\/wp-content\/uploads\/2026\/03\/VSO_diabetes2.png 1024w, https:\/\/vivasinobesidad.net\/wp-content\/uploads\/2026\/03\/VSO_diabetes2-300x300.png 300w, https:\/\/vivasinobesidad.net\/wp-content\/uploads\/2026\/03\/VSO_diabetes2-150x150.png 150w, https:\/\/vivasinobesidad.net\/wp-content\/uploads\/2026\/03\/VSO_diabetes2-768x768.png 768w\" sizes=\"auto, (max-width: 1024px) 100vw, 1024px\" \/><\/figure>\n\n\n\n<div style=\"height:24px\" aria-hidden=\"true\" class=\"wp-block-spacer\"><\/div>\n\n\n\n<h3 class=\"wp-block-heading has-text-align-left has-text-align-center has-neve-text-color-color has-text-color\">Mejora de la diabetes tipo 2<\/h3>\n\n\n\n<div style=\"height:40px\" aria-hidden=\"true\" class=\"wp-block-spacer\"><\/div>\n<\/div>\n\n\n\n<div class=\"wp-block-column is-vertically-aligned-center is-layout-flow wp-block-column-is-layout-flow\" style=\"padding-right:var(--wp--preset--spacing--30);padding-left:var(--wp--preset--spacing--30);flex-basis:50%\">\n<figure class=\"wp-block-image size-full has-custom-border\"><img loading=\"lazy\" decoding=\"async\" width=\"1024\" height=\"1024\" src=\"https:\/\/vivasinobesidad.net\/wp-content\/uploads\/2026\/03\/VSO-colesterol.png\" alt=\"\" class=\"wp-image-185\" style=\"border-radius:24px\" srcset=\"https:\/\/vivasinobesidad.net\/wp-content\/uploads\/2026\/03\/VSO-colesterol.png 1024w, https:\/\/vivasinobesidad.net\/wp-content\/uploads\/2026\/03\/VSO-colesterol-300x300.png 300w, https:\/\/vivasinobesidad.net\/wp-content\/uploads\/2026\/03\/VSO-colesterol-150x150.png 150w, https:\/\/vivasinobesidad.net\/wp-content\/uploads\/2026\/03\/VSO-colesterol-768x768.png 768w\" sizes=\"auto, (max-width: 1024px) 100vw, 1024px\" \/><\/figure>\n\n\n\n<div style=\"height:24px\" aria-hidden=\"true\" class=\"wp-block-spacer\"><\/div>\n\n\n\n<h3 class=\"wp-block-heading has-text-align-left has-text-align-center has-neve-text-color-color has-text-color\">Mejora del colesterol<\/h3>\n\n\n\n<div style=\"height:40px\" aria-hidden=\"true\" class=\"wp-block-spacer\"><\/div>\n<\/div>\n\n\n\n<div class=\"wp-block-column is-vertically-aligned-center is-layout-flow wp-block-column-is-layout-flow\" style=\"padding-right:var(--wp--preset--spacing--30);padding-left:var(--wp--preset--spacing--30);flex-basis:50%\">\n<figure class=\"wp-block-image size-full has-custom-border\"><img loading=\"lazy\" decoding=\"async\" width=\"1024\" height=\"1024\" src=\"https:\/\/vivasinobesidad.net\/wp-content\/uploads\/2026\/03\/VSO_presion.png\" alt=\"\" class=\"wp-image-183\" style=\"border-radius:24px\" srcset=\"https:\/\/vivasinobesidad.net\/wp-content\/uploads\/2026\/03\/VSO_presion.png 1024w, https:\/\/vivasinobesidad.net\/wp-content\/uploads\/2026\/03\/VSO_presion-300x300.png 300w, https:\/\/vivasinobesidad.net\/wp-content\/uploads\/2026\/03\/VSO_presion-150x150.png 150w, https:\/\/vivasinobesidad.net\/wp-content\/uploads\/2026\/03\/VSO_presion-768x768.png 768w\" sizes=\"auto, (max-width: 1024px) 100vw, 1024px\" \/><\/figure>\n\n\n\n<div style=\"height:24px\" aria-hidden=\"true\" class=\"wp-block-spacer\"><\/div>\n\n\n\n<h3 class=\"wp-block-heading has-text-align-left has-text-align-center has-neve-text-color-color has-text-color\">Disminuye la presi\u00f3n arterial<\/h3>\n\n\n\n<div style=\"height:40px\" aria-hidden=\"true\" class=\"wp-block-spacer\"><\/div>\n<\/div>\n<\/div>\n\n\n\n<div style=\"height:40px\" aria-hidden=\"true\" class=\"wp-block-spacer\"><\/div>\n\n\n\n<div class=\"wp-block-columns are-vertically-aligned-center is-layout-flex wp-container-core-columns-is-layout-9d6595d7 wp-block-columns-is-layout-flex\">\n<div class=\"wp-block-column is-vertically-aligned-center is-layout-flow wp-block-column-is-layout-flow\" style=\"padding-right:var(--wp--preset--spacing--30);padding-left:var(--wp--preset--spacing--30);flex-basis:50%\">\n<figure class=\"wp-block-image size-full has-custom-border\"><img loading=\"lazy\" decoding=\"async\" width=\"1024\" height=\"1024\" src=\"https:\/\/vivasinobesidad.net\/wp-content\/uploads\/2026\/03\/VSO-cardiovascular.png\" alt=\"\" class=\"wp-image-184\" style=\"border-radius:24px\" srcset=\"https:\/\/vivasinobesidad.net\/wp-content\/uploads\/2026\/03\/VSO-cardiovascular.png 1024w, https:\/\/vivasinobesidad.net\/wp-content\/uploads\/2026\/03\/VSO-cardiovascular-300x300.png 300w, https:\/\/vivasinobesidad.net\/wp-content\/uploads\/2026\/03\/VSO-cardiovascular-150x150.png 150w, https:\/\/vivasinobesidad.net\/wp-content\/uploads\/2026\/03\/VSO-cardiovascular-768x768.png 768w\" sizes=\"auto, (max-width: 1024px) 100vw, 1024px\" \/><\/figure>\n\n\n\n<div style=\"height:24px\" aria-hidden=\"true\" class=\"wp-block-spacer\"><\/div>\n\n\n\n<h3 class=\"wp-block-heading has-text-align-left has-text-align-center has-neve-text-color-color has-text-color\">Baja riesgo cardiovascular<\/h3>\n\n\n\n<div style=\"height:40px\" aria-hidden=\"true\" class=\"wp-block-spacer\"><\/div>\n<\/div>\n\n\n\n<div class=\"wp-block-column is-vertically-aligned-center is-layout-flow wp-block-column-is-layout-flow\" style=\"padding-right:var(--wp--preset--spacing--30);padding-left:var(--wp--preset--spacing--30);flex-basis:50%\">\n<figure class=\"wp-block-image size-full has-custom-border\"><img loading=\"lazy\" decoding=\"async\" width=\"896\" height=\"896\" src=\"https:\/\/vivasinobesidad.net\/wp-content\/uploads\/2026\/03\/VSO_Calidad-edited.png\" alt=\"\" class=\"wp-image-205\" style=\"border-radius:24px\" srcset=\"https:\/\/vivasinobesidad.net\/wp-content\/uploads\/2026\/03\/VSO_Calidad-edited.png 896w, https:\/\/vivasinobesidad.net\/wp-content\/uploads\/2026\/03\/VSO_Calidad-edited-300x300.png 300w, https:\/\/vivasinobesidad.net\/wp-content\/uploads\/2026\/03\/VSO_Calidad-edited-150x150.png 150w, https:\/\/vivasinobesidad.net\/wp-content\/uploads\/2026\/03\/VSO_Calidad-edited-768x768.png 768w\" sizes=\"auto, (max-width: 896px) 100vw, 896px\" \/><\/figure>\n\n\n\n<div style=\"height:24px\" aria-hidden=\"true\" class=\"wp-block-spacer\"><\/div>\n\n\n\n<h3 class=\"wp-block-heading has-text-align-left has-text-align-center has-neve-text-color-color has-text-color\">Mejor calidad de vida<\/h3>\n\n\n\n<div style=\"height:40px\" aria-hidden=\"true\" class=\"wp-block-spacer\"><\/div>\n<\/div>\n\n\n\n<div class=\"wp-block-column is-vertically-aligned-center is-layout-flow wp-block-column-is-layout-flow\" style=\"padding-right:var(--wp--preset--spacing--30);padding-left:var(--wp--preset--spacing--30);flex-basis:50%\">\n<figure class=\"wp-block-image size-full has-custom-border\"><img loading=\"lazy\" decoding=\"async\" width=\"1024\" height=\"1024\" src=\"https:\/\/vivasinobesidad.net\/wp-content\/uploads\/2026\/03\/Gemini_Generated_Image_n2gui1n2gui1n2gu.png\" alt=\"\" class=\"wp-image-198\" style=\"border-radius:24px\" srcset=\"https:\/\/vivasinobesidad.net\/wp-content\/uploads\/2026\/03\/Gemini_Generated_Image_n2gui1n2gui1n2gu.png 1024w, https:\/\/vivasinobesidad.net\/wp-content\/uploads\/2026\/03\/Gemini_Generated_Image_n2gui1n2gui1n2gu-300x300.png 300w, https:\/\/vivasinobesidad.net\/wp-content\/uploads\/2026\/03\/Gemini_Generated_Image_n2gui1n2gui1n2gu-150x150.png 150w, https:\/\/vivasinobesidad.net\/wp-content\/uploads\/2026\/03\/Gemini_Generated_Image_n2gui1n2gui1n2gu-768x768.png 768w\" sizes=\"auto, (max-width: 1024px) 100vw, 1024px\" \/><\/figure>\n\n\n\n<div style=\"height:24px\" aria-hidden=\"true\" class=\"wp-block-spacer\"><\/div>\n\n\n\n<h3 class=\"wp-block-heading has-text-align-left has-text-align-center has-neve-text-color-color has-text-color\">tienes m\u00e1s Preguntas?<\/h3>\n\n\n\n<div style=\"height:40px\" aria-hidden=\"true\" class=\"wp-block-spacer\"><\/div>\n<\/div>\n<\/div>\n<\/div><\/div>\n<\/div><\/div>\n<\/div>\n\n\n\n<div class=\"wp-block-cover alignfull\" style=\"min-height:300px;aspect-ratio:unset;\"><span aria-hidden=\"true\" class=\"wp-block-cover__background has-neve-link-color-background-color has-background-dim-100 has-background-dim\"><\/span><div class=\"wp-block-cover__inner-container is-layout-flow wp-block-cover-is-layout-flow\">\n<div style=\"height:140px\" aria-hidden=\"true\" class=\"wp-block-spacer\"><\/div>\n\n\n\n<div class=\"wp-block-columns is-layout-flex wp-container-core-columns-is-layout-9d6595d7 wp-block-columns-is-layout-flex\">\n<div class=\"wp-block-column is-layout-flow wp-block-column-is-layout-flow\" style=\"flex-basis:20%\"><\/div>\n\n\n\n<div class=\"wp-block-column is-layout-flow wp-block-column-is-layout-flow\" style=\"flex-basis:60%\">\n<div class=\"wp-block-group\"><div class=\"wp-block-group__inner-container is-layout-constrained wp-block-group-is-layout-constrained\">\n<h3 class=\"wp-block-heading has-text-align-center has-nv-text-dark-bg-color has-text-color\">\u201cLa obesidad no solo afecta nuestra salud hoy, tambi\u00e9n influye en el futuro de nuestra familia\u00bb<\/h3>\n\n\n\n<p class=\"has-text-align-center\">Mejorar tu peso es una decisi\u00f3n que puede transformar tu calidad de vida y ayudarte a disfrutar una vejez m\u00e1s saludable, por ti y por quienes amas.<br><\/p>\n\n\n\n<p class=\"has-text-align-center has-nv-text-dark-bg-color has-text-color has-link-color wp-elements-7d201a39e7be7189744b2c9b3d4d408b\"><strong>Dr. Ren\u00e9 Mendoza Merch\u00e1n<\/strong><br>Especialista en Cirug\u00eda Bari\u00e1trica y Metab\u00f3lica.<\/p>\n\n\n\n<div class=\"wp-block-buttons is-horizontal is-content-justification-center is-layout-flex wp-container-core-buttons-is-layout-499968f5 wp-block-buttons-is-layout-flex\">\n<div class=\"wp-block-button is-style-primary\"><a class=\"wp-block-button__link has-neve-link-color-color has-text-color has-background has-link-color wp-element-button\" href=\"https:\/\/vivasinobesidad.net\/index.php\/contact\/\" style=\"background-color:#ffffff\">Empecemos una nueva Vida<\/a><\/div>\n<\/div>\n<\/div><\/div>\n<\/div>\n\n\n\n<div class=\"wp-block-column is-layout-flow wp-block-column-is-layout-flow\" style=\"flex-basis:20%\"><\/div>\n<\/div>\n\n\n\n<div style=\"height:140px\" aria-hidden=\"true\" class=\"wp-block-spacer\"><\/div>\n<\/div><\/div>\n\n\n\n<p><\/p>\n","protected":false},"excerpt":{"rendered":"","protected":false},"author":1,"featured_media":0,"parent":0,"menu_order":0,"comment_status":"closed","ping_status":"closed","template":"","meta":{"neve_meta_sidebar":"","neve_meta_container":"","neve_meta_enable_content_width":"on","neve_meta_content_width":100,"neve_meta_title_alignment":"","neve_meta_author_avatar":"","neve_post_elements_order":"","neve_meta_disable_header":"","neve_meta_disable_footer":"","neve_meta_disable_title":"on","footnotes":""},"class_list":["post-12","page","type-page","status-publish","hentry"],"_links":{"self":[{"href":"https:\/\/vivasinobesidad.net\/index.php\/wp-json\/wp\/v2\/pages\/12","targetHints":{"allow":["GET"]}}],"collection":[{"href":"https:\/\/vivasinobesidad.net\/index.php\/wp-json\/wp\/v2\/pages"}],"about":[{"href":"https:\/\/vivasinobesidad.net\/index.php\/wp-json\/wp\/v2\/types\/page"}],"author":[{"embeddable":true,"href":"https:\/\/vivasinobesidad.net\/index.php\/wp-json\/wp\/v2\/users\/1"}],"replies":[{"embeddable":true,"href":"https:\/\/vivasinobesidad.net\/index.php\/wp-json\/wp\/v2\/comments?post=12"}],"version-history":[{"count":39,"href":"https:\/\/vivasinobesidad.net\/index.php\/wp-json\/wp\/v2\/pages\/12\/revisions"}],"predecessor-version":[{"id":217,"href":"https:\/\/vivasinobesidad.net\/index.php\/wp-json\/wp\/v2\/pages\/12\/revisions\/217"}],"wp:attachment":[{"href":"https:\/\/vivasinobesidad.net\/index.php\/wp-json\/wp\/v2\/media?parent=12"}],"curies":[{"name":"wp","href":"https:\/\/api.w.org\/{rel}","templated":true}]}}