{"id":11,"date":"2026-03-06T07:33:35","date_gmt":"2026-03-06T07:33:35","guid":{"rendered":"https:\/\/vivasinobesidad.net\/?page_id=11"},"modified":"2026-03-10T13:56:23","modified_gmt":"2026-03-10T13:56:23","slug":"cirugias","status":"publish","type":"page","link":"https:\/\/vivasinobesidad.net\/index.php\/cirugias\/","title":{"rendered":"Cirug\u00edas"},"content":{"rendered":"\n<div class=\"wp-block-cover alignfull\" style=\"min-height:300px;aspect-ratio:unset;\"><span aria-hidden=\"true\" class=\"wp-block-cover__background has-nv-site-bg-background-color has-background-dim-100 has-background-dim\"><\/span><div class=\"wp-block-cover__inner-container is-layout-flow wp-block-cover-is-layout-flow\">\n<div class=\"wp-block-group\" style=\"padding-right:var(--wp--preset--spacing--30);padding-left:var(--wp--preset--spacing--30)\"><div class=\"wp-block-group__inner-container is-layout-flow wp-block-group-is-layout-flow\">\n<h1 class=\"wp-block-heading has-text-align-left has-neve-text-color-color has-text-color\">Cirug\u00eda Metab\u00f3lica y Bari\u00e1trica<\/h1>\n<\/div><\/div>\n<\/div><\/div>\n\n\n\n<div class=\"wp-block-cover alignfull\" style=\"min-height:600px;aspect-ratio:unset;\"><span aria-hidden=\"true\" class=\"wp-block-cover__background has-nv-light-bg-background-color has-background-dim-100 has-background-dim\"><\/span><div class=\"wp-block-cover__inner-container is-layout-flow wp-block-cover-is-layout-flow\">\n<div class=\"wp-block-group\"><div class=\"wp-block-group__inner-container is-layout-flow wp-block-group-is-layout-flow\">\n<div style=\"height:80px\" aria-hidden=\"true\" class=\"wp-block-spacer\"><\/div>\n\n\n\n<h2 data-wp-context---core-fit-text=\"core\/fit-text::{&quot;fontSize&quot;:&quot;&quot;}\" data-wp-init---core-fit-text=\"core\/fit-text::callbacks.init\" data-wp-interactive data-wp-style--font-size=\"core\/fit-text::context.fontSize\" class=\"wp-block-heading has-fit-text has-nv-c-1-color has-text-color has-link-color wp-elements-4e02579b9d950cab6b655148949e66b6\" id=\"C_metabolica\">Cirug\u00eda Metab\u00f3lica<\/h2>\n\n\n\n<div class=\"wp-block-columns are-vertically-aligned-center is-layout-flex wp-container-core-columns-is-layout-9d6595d7 wp-block-columns-is-layout-flex\">\n<div class=\"wp-block-column is-vertically-aligned-center is-layout-flow wp-block-column-is-layout-flow\" style=\"padding-right:var(--wp--preset--spacing--30);padding-left:var(--wp--preset--spacing--30);flex-basis:50%\">\n<figure class=\"wp-block-image size-full has-custom-border\"><img loading=\"lazy\" decoding=\"async\" width=\"1024\" height=\"1024\" src=\"https:\/\/vivasinobesidad.net\/wp-content\/uploads\/2026\/03\/VSO_1.png\" alt=\"\" class=\"wp-image-189\" style=\"border-radius:24px\" srcset=\"https:\/\/vivasinobesidad.net\/wp-content\/uploads\/2026\/03\/VSO_1.png 1024w, https:\/\/vivasinobesidad.net\/wp-content\/uploads\/2026\/03\/VSO_1-300x300.png 300w, https:\/\/vivasinobesidad.net\/wp-content\/uploads\/2026\/03\/VSO_1-150x150.png 150w, https:\/\/vivasinobesidad.net\/wp-content\/uploads\/2026\/03\/VSO_1-768x768.png 768w\" sizes=\"auto, (max-width: 1024px) 100vw, 1024px\" \/><\/figure>\n\n\n\n<div style=\"height:24px\" aria-hidden=\"true\" class=\"wp-block-spacer\"><\/div>\n\n\n\n<h3 class=\"wp-block-heading has-text-align-left has-neve-text-color-color has-text-color\">Bypass g\u00e1strico metab\u00f3lico<\/h3>\n\n\n\n<p class=\"has-text-align-left has-neve-text-color-color has-text-color\">Procedimiento quir\u00fargico que modifica el sistema digestivo para mejorar el control de la diabetes tipo 2 y otras enfermedades metab\u00f3licas, adem\u00e1s de favorecer la p\u00e9rdida de peso.<\/p>\n\n\n\n<div style=\"height:40px\" aria-hidden=\"true\" class=\"wp-block-spacer\"><\/div>\n<\/div>\n\n\n\n<div class=\"wp-block-column is-vertically-aligned-center is-layout-flow wp-block-column-is-layout-flow\" style=\"padding-right:var(--wp--preset--spacing--30);padding-left:var(--wp--preset--spacing--30);flex-basis:50%\">\n<figure class=\"wp-block-image size-full has-custom-border\"><img loading=\"lazy\" decoding=\"async\" width=\"1024\" height=\"1024\" src=\"https:\/\/vivasinobesidad.net\/wp-content\/uploads\/2026\/03\/VSO_2.png\" alt=\"\" class=\"wp-image-190\" style=\"border-radius:24px\" srcset=\"https:\/\/vivasinobesidad.net\/wp-content\/uploads\/2026\/03\/VSO_2.png 1024w, https:\/\/vivasinobesidad.net\/wp-content\/uploads\/2026\/03\/VSO_2-300x300.png 300w, https:\/\/vivasinobesidad.net\/wp-content\/uploads\/2026\/03\/VSO_2-150x150.png 150w, https:\/\/vivasinobesidad.net\/wp-content\/uploads\/2026\/03\/VSO_2-768x768.png 768w\" sizes=\"auto, (max-width: 1024px) 100vw, 1024px\" \/><\/figure>\n\n\n\n<div style=\"height:24px\" aria-hidden=\"true\" class=\"wp-block-spacer\"><\/div>\n\n\n\n<h3 class=\"wp-block-heading has-text-align-left has-neve-text-color-color has-text-color\">Derivaci\u00f3n duodeno-yeyunal<\/h3>\n\n\n\n<p class=\"has-text-align-left has-neve-text-color-color has-text-color\">T\u00e9cnica que redirige parte del intestino para mejorar el metabolismo de la glucosa y ayudar en el control de la diabetes y otros trastornos metab\u00f3licos.<\/p>\n\n\n\n<div style=\"height:40px\" aria-hidden=\"true\" class=\"wp-block-spacer\"><\/div>\n<\/div>\n\n\n\n<div class=\"wp-block-column is-vertically-aligned-center is-layout-flow wp-block-column-is-layout-flow\" style=\"padding-right:var(--wp--preset--spacing--30);padding-left:var(--wp--preset--spacing--30);flex-basis:50%\">\n<figure class=\"wp-block-image size-full has-custom-border\"><img loading=\"lazy\" decoding=\"async\" width=\"1024\" height=\"1024\" src=\"https:\/\/vivasinobesidad.net\/wp-content\/uploads\/2026\/03\/VSO_3.png\" alt=\"\" class=\"wp-image-191\" style=\"border-radius:24px\" srcset=\"https:\/\/vivasinobesidad.net\/wp-content\/uploads\/2026\/03\/VSO_3.png 1024w, https:\/\/vivasinobesidad.net\/wp-content\/uploads\/2026\/03\/VSO_3-300x300.png 300w, https:\/\/vivasinobesidad.net\/wp-content\/uploads\/2026\/03\/VSO_3-150x150.png 150w, https:\/\/vivasinobesidad.net\/wp-content\/uploads\/2026\/03\/VSO_3-768x768.png 768w\" sizes=\"auto, (max-width: 1024px) 100vw, 1024px\" \/><\/figure>\n\n\n\n<div style=\"height:24px\" aria-hidden=\"true\" class=\"wp-block-spacer\"><\/div>\n\n\n\n<h3 class=\"wp-block-heading has-text-align-left has-neve-text-color-color has-text-color\">Switch duodenal modificado<\/h3>\n\n\n\n<p class=\"has-text-align-left has-neve-text-color-color has-text-color\">Procedimiento que combina reducci\u00f3n del est\u00f3mago con un cambio en el tr\u00e1nsito intestinal para lograr una p\u00e9rdida de peso significativa y mejorar enfermedades metab\u00f3licas.<\/p>\n\n\n\n<div style=\"height:40px\" aria-hidden=\"true\" class=\"wp-block-spacer\"><\/div>\n<\/div>\n<\/div>\n\n\n\n<div style=\"height:40px\" aria-hidden=\"true\" class=\"wp-block-spacer\"><\/div>\n<\/div><\/div>\n<\/div><\/div>\n\n\n\n<div class=\"wp-block-cover alignfull\"><span aria-hidden=\"true\" class=\"wp-block-cover__background has-nv-site-bg-background-color has-background-dim-100 has-background-dim\"><\/span><div class=\"wp-block-cover__inner-container is-layout-flow wp-block-cover-is-layout-flow\">\n<div style=\"height:80px\" aria-hidden=\"true\" class=\"wp-block-spacer\"><\/div>\n\n\n\n<h2 data-wp-context---core-fit-text=\"core\/fit-text::{&quot;fontSize&quot;:&quot;&quot;}\" data-wp-init---core-fit-text=\"core\/fit-text::callbacks.init\" data-wp-interactive data-wp-style--font-size=\"core\/fit-text::context.fontSize\" class=\"wp-block-heading has-fit-text has-nv-c-1-color has-text-color has-link-color wp-elements-74e63903f4975ea119311bfdf17a2c7d\" id=\"C_bariatrica\">Cirug\u00eda Bari\u00e1trica<\/h2>\n\n\n\n<div class=\"wp-block-columns are-vertically-aligned-center is-layout-flex wp-container-core-columns-is-layout-9d6595d7 wp-block-columns-is-layout-flex\">\n<div class=\"wp-block-column is-vertically-aligned-center is-layout-flow wp-block-column-is-layout-flow\" style=\"padding-right:var(--wp--preset--spacing--30);padding-left:var(--wp--preset--spacing--30);flex-basis:50%\">\n<figure class=\"wp-block-image size-full has-custom-border\"><img loading=\"lazy\" decoding=\"async\" width=\"1024\" height=\"1024\" src=\"https:\/\/vivasinobesidad.net\/wp-content\/uploads\/2026\/03\/VSO_4.png\" alt=\"\" class=\"wp-image-192\" style=\"border-radius:24px\" srcset=\"https:\/\/vivasinobesidad.net\/wp-content\/uploads\/2026\/03\/VSO_4.png 1024w, https:\/\/vivasinobesidad.net\/wp-content\/uploads\/2026\/03\/VSO_4-300x300.png 300w, https:\/\/vivasinobesidad.net\/wp-content\/uploads\/2026\/03\/VSO_4-150x150.png 150w, https:\/\/vivasinobesidad.net\/wp-content\/uploads\/2026\/03\/VSO_4-768x768.png 768w\" sizes=\"auto, (max-width: 1024px) 100vw, 1024px\" \/><\/figure>\n\n\n\n<div style=\"height:24px\" aria-hidden=\"true\" class=\"wp-block-spacer\"><\/div>\n\n\n\n<h3 class=\"wp-block-heading has-text-align-left has-neve-text-color-color has-text-color\">Banda g\u00e1strica ajustable<\/h3>\n\n\n\n<p class=\"has-text-align-left has-neve-text-color-color has-text-color\">Consiste en colocar una banda alrededor de la parte superior del est\u00f3mago para limitar la cantidad de alimento ingerido y favorecer la p\u00e9rdida gradual de peso.<\/p>\n\n\n\n<div style=\"height:40px\" aria-hidden=\"true\" class=\"wp-block-spacer\"><\/div>\n<\/div>\n\n\n\n<div class=\"wp-block-column is-vertically-aligned-center is-layout-flow wp-block-column-is-layout-flow\" style=\"padding-right:var(--wp--preset--spacing--30);padding-left:var(--wp--preset--spacing--30);flex-basis:50%\">\n<figure class=\"wp-block-image size-full has-custom-border\"><img loading=\"lazy\" decoding=\"async\" width=\"1024\" height=\"1024\" src=\"https:\/\/vivasinobesidad.net\/wp-content\/uploads\/2026\/03\/VSO_5.png\" alt=\"\" class=\"wp-image-194\" style=\"border-radius:24px\" srcset=\"https:\/\/vivasinobesidad.net\/wp-content\/uploads\/2026\/03\/VSO_5.png 1024w, https:\/\/vivasinobesidad.net\/wp-content\/uploads\/2026\/03\/VSO_5-300x300.png 300w, https:\/\/vivasinobesidad.net\/wp-content\/uploads\/2026\/03\/VSO_5-150x150.png 150w, https:\/\/vivasinobesidad.net\/wp-content\/uploads\/2026\/03\/VSO_5-768x768.png 768w\" sizes=\"auto, (max-width: 1024px) 100vw, 1024px\" \/><\/figure>\n\n\n\n<div style=\"height:24px\" aria-hidden=\"true\" class=\"wp-block-spacer\"><\/div>\n\n\n\n<h3 class=\"wp-block-heading has-text-align-left has-neve-text-color-color has-text-color\">Bypass g\u00e1strico (Roux-en-Y)<\/h3>\n\n\n\n<p class=\"has-text-align-left has-neve-text-color-color has-text-color\">Cirug\u00eda que reduce el tama\u00f1o del est\u00f3mago y modifica el recorrido del intestino, ayudando a disminuir la absorci\u00f3n de calor\u00edas y lograr una p\u00e9rdida de peso efectiva.<\/p>\n\n\n\n<div style=\"height:40px\" aria-hidden=\"true\" class=\"wp-block-spacer\"><\/div>\n<\/div>\n\n\n\n<div class=\"wp-block-column is-vertically-aligned-center is-layout-flow wp-block-column-is-layout-flow\" style=\"padding-right:var(--wp--preset--spacing--30);padding-left:var(--wp--preset--spacing--30);flex-basis:50%\">\n<figure class=\"wp-block-image size-full has-custom-border\"><img loading=\"lazy\" decoding=\"async\" width=\"1024\" height=\"1024\" src=\"https:\/\/vivasinobesidad.net\/wp-content\/uploads\/2026\/03\/VSO_6.png\" alt=\"\" class=\"wp-image-195\" style=\"border-radius:24px\" srcset=\"https:\/\/vivasinobesidad.net\/wp-content\/uploads\/2026\/03\/VSO_6.png 1024w, https:\/\/vivasinobesidad.net\/wp-content\/uploads\/2026\/03\/VSO_6-300x300.png 300w, https:\/\/vivasinobesidad.net\/wp-content\/uploads\/2026\/03\/VSO_6-150x150.png 150w, https:\/\/vivasinobesidad.net\/wp-content\/uploads\/2026\/03\/VSO_6-768x768.png 768w\" sizes=\"auto, (max-width: 1024px) 100vw, 1024px\" \/><\/figure>\n\n\n\n<div style=\"height:24px\" aria-hidden=\"true\" class=\"wp-block-spacer\"><\/div>\n\n\n\n<h3 class=\"wp-block-heading has-text-align-left has-neve-text-color-color has-text-color\">Manga g\u00e1strica<\/h3>\n\n\n\n<p class=\"has-text-align-left has-neve-text-color-color has-text-color\">Procedimiento que reduce el tama\u00f1o del est\u00f3mago, permitiendo que el paciente se sienta satisfecho con menor cantidad de alimentos y facilitando la p\u00e9rdida de peso.<\/p>\n\n\n\n<div style=\"height:40px\" aria-hidden=\"true\" class=\"wp-block-spacer\"><\/div>\n<\/div>\n<\/div>\n\n\n\n<div style=\"height:50px\" aria-hidden=\"true\" class=\"wp-block-spacer\"><\/div>\n<\/div><\/div>\n\n\n\n<div class=\"wp-block-cover alignfull\" style=\"min-height:300px;aspect-ratio:unset;\"><span aria-hidden=\"true\" class=\"wp-block-cover__background has-neve-link-color-background-color has-background-dim-100 has-background-dim\"><\/span><div class=\"wp-block-cover__inner-container is-layout-flow wp-block-cover-is-layout-flow\">\n<div style=\"height:140px\" aria-hidden=\"true\" class=\"wp-block-spacer\"><\/div>\n\n\n\n<div class=\"wp-block-columns is-layout-flex wp-container-core-columns-is-layout-9d6595d7 wp-block-columns-is-layout-flex\">\n<div class=\"wp-block-column is-layout-flow wp-block-column-is-layout-flow\" style=\"flex-basis:20%\"><\/div>\n\n\n\n<div class=\"wp-block-column is-layout-flow wp-block-column-is-layout-flow\" style=\"flex-basis:60%\">\n<div class=\"wp-block-group\"><div class=\"wp-block-group__inner-container is-layout-constrained wp-block-group-is-layout-constrained\">\n<h2 class=\"wp-block-heading has-text-align-center has-nv-text-dark-bg-color has-text-color\">\u00bfSoy candidato para cirug\u00eda bari\u00e1trica o metab\u00f3lica?<\/h2>\n\n\n\n<p class=\"has-text-align-center has-nv-text-dark-bg-color has-text-color has-link-color wp-elements-ac1525373c9199c1adc95d5fba7f283f\">La mejor forma de determinarlo es mediante una <strong>evaluaci\u00f3n m\u00e9dica inicial<\/strong>.<\/p>\n\n\n\n<div class=\"wp-block-buttons is-horizontal is-content-justification-center is-layout-flex wp-container-core-buttons-is-layout-499968f5 wp-block-buttons-is-layout-flex\">\n<div class=\"wp-block-button is-style-primary\"><a class=\"wp-block-button__link has-neve-link-color-color has-text-color has-background has-link-color wp-element-button\" href=\"https:\/\/vivasinobesidad.net\/index.php\/evaluacion-inicial\/\" style=\"background-color:#ffffff\">Evaluaci\u00f3n Inicial<\/a><\/div>\n<\/div>\n<\/div><\/div>\n<\/div>\n\n\n\n<div class=\"wp-block-column is-layout-flow wp-block-column-is-layout-flow\" style=\"flex-basis:20%\"><\/div>\n<\/div>\n\n\n\n<div style=\"height:140px\" aria-hidden=\"true\" class=\"wp-block-spacer\"><\/div>\n<\/div><\/div>\n\n\n\n<p><\/p>\n","protected":false},"excerpt":{"rendered":"","protected":false},"author":1,"featured_media":0,"parent":0,"menu_order":0,"comment_status":"closed","ping_status":"closed","template":"","meta":{"neve_meta_sidebar":"","neve_meta_container":"","neve_meta_enable_content_width":"on","neve_meta_content_width":100,"neve_meta_title_alignment":"","neve_meta_author_avatar":"","neve_post_elements_order":"","neve_meta_disable_header":"","neve_meta_disable_footer":"","neve_meta_disable_title":"on","footnotes":""},"class_list":["post-11","page","type-page","status-publish","hentry"],"_links":{"self":[{"href":"https:\/\/vivasinobesidad.net\/index.php\/wp-json\/wp\/v2\/pages\/11","targetHints":{"allow":["GET"]}}],"collection":[{"href":"https:\/\/vivasinobesidad.net\/index.php\/wp-json\/wp\/v2\/pages"}],"about":[{"href":"https:\/\/vivasinobesidad.net\/index.php\/wp-json\/wp\/v2\/types\/page"}],"author":[{"embeddable":true,"href":"https:\/\/vivasinobesidad.net\/index.php\/wp-json\/wp\/v2\/users\/1"}],"replies":[{"embeddable":true,"href":"https:\/\/vivasinobesidad.net\/index.php\/wp-json\/wp\/v2\/comments?post=11"}],"version-history":[{"count":10,"href":"https:\/\/vivasinobesidad.net\/index.php\/wp-json\/wp\/v2\/pages\/11\/revisions"}],"predecessor-version":[{"id":196,"href":"https:\/\/vivasinobesidad.net\/index.php\/wp-json\/wp\/v2\/pages\/11\/revisions\/196"}],"wp:attachment":[{"href":"https:\/\/vivasinobesidad.net\/index.php\/wp-json\/wp\/v2\/media?parent=11"}],"curies":[{"name":"wp","href":"https:\/\/api.w.org\/{rel}","templated":true}]}}